{"id":2524,"date":"2019-05-22T10:32:09","date_gmt":"2019-05-22T08:32:09","guid":{"rendered":"https:\/\/www.ihre-produktfotos.de\/?page_id=2524"},"modified":"2019-05-23T13:12:58","modified_gmt":"2019-05-23T11:12:58","slug":"produktinformationen","status":"publish","type":"page","link":"https:\/\/www.ihre-produktfotos.de\/?page_id=2524","title":{"rendered":"Produktinformationen"},"content":{"rendered":"\n<p>Neben dem Produktfoto geh\u00f6ren zum Produktcontent eines Artikels auch die dazugeh\u00f6rigen Produktinformationen.<br>\n<br>\nUnser Team innerhalb der Avanxato ber\u00e4t Sie bei allen Punkten des Product-Content-Management, es kombiniert f\u00fcr Sie Konzepte aus Merchandising, Produktmanagement und Content-Management. Und hilft Ihnen, Datenchaos zu vermeiden.<br>\n<br>\nDas Team der Avanxato unterst\u00fctzt Sie beim Datenmanagement Ihrer Produkte, wirkt mit bei der Effizienzsteigerung Ihres Product Lifecycle Managements und steht tatkr\u00e4ftig an Ihrer Seite bei der Ver\u00f6ffentlichung von Produkten in verschiedenen Vertriebskan\u00e4len.<br>\n<br>\nUnser Team unterst\u00fctzt Sie auch bei der Einf\u00fchrung von weltweit g\u00fcltigen Standards, der Optimierung von Prozessen und im Datenaustausch (EDI und Stammdaten) zwischen Ihnen, Ihren Gesch\u00e4ftspartnern und Kunden.<br>\n<\/p>\n<br>\n<center>\n<p>\nDas Team der Avanxato steht Ihnen jederzeit zur Verf\u00fcgung.<br>\n<br>\nTelefonisch erreichbar unter<br>\n<br>\n+49 (0) 22 02 \/ 9 42 73 \u2013 0<br>\n<br>\noder per E-Mail<br>\n<br>\n<a href=\"mailto:info@avanxato.de\">info@avanxato.de<\/a><br>\n<br>\nWeitere Informationen zum Leistungsangebot der Avanxato finden Sie unter<br>\n<br>\n<a href=\"https:\/\/www.avanxato.de\" target=\"_blank\" rel=\"noopener noreferrer\">www.avanxato.de<\/a>\n<\/p><center>\n","protected":false},"excerpt":{"rendered":"<p>Neben dem Produktfoto geh\u00f6ren zum Produktcontent eines Artikels auch die dazugeh\u00f6rigen Produktinformationen. Unser Team innerhalb der Avanxato ber\u00e4t Sie bei allen Punkten des Product-Content-Management, es kombiniert f\u00fcr Sie Konzepte aus Merchandising, Produktmanagement und Content-Management. Und hilft Ihnen, Datenchaos zu vermeiden. Das Team der Avanxato unterst\u00fctzt Sie beim Datenmanagement Ihrer Produkte, wirkt mit bei der Effizienzsteigerung [&hellip;]<\/p>\n","protected":false},"author":2,"featured_media":0,"parent":0,"menu_order":0,"comment_status":"closed","ping_status":"closed","template":"","meta":{"ngg_post_thumbnail":0,"footnotes":""},"class_list":["post-2524","page","type-page","status-publish","hentry"],"_links":{"self":[{"href":"https:\/\/www.ihre-produktfotos.de\/index.php?rest_route=\/wp\/v2\/pages\/2524","targetHints":{"allow":["GET"]}}],"collection":[{"href":"https:\/\/www.ihre-produktfotos.de\/index.php?rest_route=\/wp\/v2\/pages"}],"about":[{"href":"https:\/\/www.ihre-produktfotos.de\/index.php?rest_route=\/wp\/v2\/types\/page"}],"author":[{"embeddable":true,"href":"https:\/\/www.ihre-produktfotos.de\/index.php?rest_route=\/wp\/v2\/users\/2"}],"replies":[{"embeddable":true,"href":"https:\/\/www.ihre-produktfotos.de\/index.php?rest_route=%2Fwp%2Fv2%2Fcomments&post=2524"}],"version-history":[{"count":11,"href":"https:\/\/www.ihre-produktfotos.de\/index.php?rest_route=\/wp\/v2\/pages\/2524\/revisions"}],"predecessor-version":[{"id":2540,"href":"https:\/\/www.ihre-produktfotos.de\/index.php?rest_route=\/wp\/v2\/pages\/2524\/revisions\/2540"}],"wp:attachment":[{"href":"https:\/\/www.ihre-produktfotos.de\/index.php?rest_route=%2Fwp%2Fv2%2Fmedia&parent=2524"}],"curies":[{"name":"wp","href":"https:\/\/api.w.org\/{rel}","templated":true}]}}