{"id":1826,"date":"2019-02-18T11:53:35","date_gmt":"2019-02-18T10:53:35","guid":{"rendered":"http:\/\/www.ihre-produktfotos.de\/?page_id=1826"},"modified":"2019-02-26T13:59:52","modified_gmt":"2019-02-26T12:59:52","slug":"medizinprodukte","status":"publish","type":"page","link":"https:\/\/www.ihre-produktfotos.de\/?page_id=1826","title":{"rendered":"Medizinprodukte"},"content":{"rendered":"\n<p class=\"Titel\">Medizinprodukte<p>\n\n\n\nngg_shortcode_0_placeholder\n\n\n\n<p>Hier spielt die Darstellung der Funktionalit\u00e4t und Beschaffenheit eine entscheidende Rolle. Makroaufnahmen erm\u00f6glichen es, auch kleinste Details in vergr\u00f6\u00dferter Form abzubilden.<\/p>\n\n\n\n<p><\/p>\n","protected":false},"excerpt":{"rendered":"<p>Medizinprodukte Hier spielt die Darstellung der Funktionalit\u00e4t und Beschaffenheit eine entscheidende Rolle. Makroaufnahmen erm\u00f6glichen es, auch kleinste Details in vergr\u00f6\u00dferter Form abzubilden.<\/p>\n","protected":false},"author":4,"featured_media":0,"parent":0,"menu_order":0,"comment_status":"closed","ping_status":"closed","template":"","meta":{"ngg_post_thumbnail":0,"footnotes":""},"class_list":["post-1826","page","type-page","status-publish","hentry"],"_links":{"self":[{"href":"https:\/\/www.ihre-produktfotos.de\/index.php?rest_route=\/wp\/v2\/pages\/1826","targetHints":{"allow":["GET"]}}],"collection":[{"href":"https:\/\/www.ihre-produktfotos.de\/index.php?rest_route=\/wp\/v2\/pages"}],"about":[{"href":"https:\/\/www.ihre-produktfotos.de\/index.php?rest_route=\/wp\/v2\/types\/page"}],"author":[{"embeddable":true,"href":"https:\/\/www.ihre-produktfotos.de\/index.php?rest_route=\/wp\/v2\/users\/4"}],"replies":[{"embeddable":true,"href":"https:\/\/www.ihre-produktfotos.de\/index.php?rest_route=%2Fwp%2Fv2%2Fcomments&post=1826"}],"version-history":[{"count":10,"href":"https:\/\/www.ihre-produktfotos.de\/index.php?rest_route=\/wp\/v2\/pages\/1826\/revisions"}],"predecessor-version":[{"id":2343,"href":"https:\/\/www.ihre-produktfotos.de\/index.php?rest_route=\/wp\/v2\/pages\/1826\/revisions\/2343"}],"wp:attachment":[{"href":"https:\/\/www.ihre-produktfotos.de\/index.php?rest_route=%2Fwp%2Fv2%2Fmedia&parent=1826"}],"curies":[{"name":"wp","href":"https:\/\/api.w.org\/{rel}","templated":true}]}}