{"id":1188,"date":"2019-02-07T14:24:22","date_gmt":"2019-02-07T13:24:22","guid":{"rendered":"http:\/\/www.ihre-produktfotos.de\/?page_id=1188"},"modified":"2019-02-26T10:36:09","modified_gmt":"2019-02-26T09:36:09","slug":"retusche","status":"publish","type":"page","link":"https:\/\/www.ihre-produktfotos.de\/?page_id=1188","title":{"rendered":"Retusche"},"content":{"rendered":"\n<div class=\"Titel\">Retusche<\/div><br>\n<br>\n<p>Auch bei aller Sorgfalt in der Aufnahmesituation m\u00fcssen Fotos nachbearbeitet bzw. retuschiert werden. Die folgenden Punkte sind notwendig um Ihr Produkt makellos darzustellen.<p>\n\n\n\n<br\/>\n\n<p>unretuschierte Produkte<\/p>\n<table style=\"border-collapse: collapse; width:60%; background-color: #fff; border-bottom: 0px;\" cellspacing=\"0\" cellpadding=\"0\" border=\"0\">\n    <tr>\n        <td style=\"text-align: center;\">\n            <img decoding=\"async\" src=\"http:\/\/www.ihre-produktfotos.de\/wp-content\/uploads\/2019\/02\/Gross_02.jpg\" alt=\"\" \/>\n            <br \/>\n        <\/td>\n        <td style=\"text-align: center;\">\n            <img decoding=\"async\" src=\"http:\/\/www.ihre-produktfotos.de\/wp-content\/uploads\/2019\/02\/Kein_02.jpg\" alt=\"\" \/>\n            <br \/>\n        <\/td>\n    <\/tr>\n    <tr>\n        <td style=\"text-align: center;\">\n            <img decoding=\"async\" src=\"http:\/\/www.ihre-produktfotos.de\/wp-content\/uploads\/2019\/02\/Gross-01.jpg\" alt=\"\" \/>\n            <br \/>\n        <\/td>\n        <td style=\"text-align: center;\">\n            <img decoding=\"async\" src=\"http:\/\/www.ihre-produktfotos.de\/wp-content\/uploads\/2019\/02\/Klein-01.jpg\" alt=\"\" \/>\n            <br \/>\n        <\/td>\n    <\/tr>\n<\/table>\n<p>retuschierte Produkte<\/p>\n\n\n<p style=\"padding-left: 700px;margin-top: -560px;margin-bottom: 400px;\">&#8211; Beseitigung von Staub und Kratzern, m\u00f6glichen Spiegelungen, Reflexionen und eventuellen Produktionsfehlern.<br>\n&#8211; Tonwertkorrektur. Sorgt daf\u00fcr Ihr Produkt farbgetreu abzubilden. Sogenannte Hausfarben bzw. Sonderfarben werden farbecht wieder gegeben.<br>\n&#8211; Sch\u00e4rfung. Alle Aufnahmen werden nachtr\u00e4glich gesch\u00e4rft, um den bestm\u00f6glichen Detailreichtum wiederzugeben. Auf Wunsch auch nur partiell. \n<\/p>\n","protected":false},"excerpt":{"rendered":"<p>Retusche Auch bei aller Sorgfalt in der Aufnahmesituation m\u00fcssen Fotos nachbearbeitet bzw. retuschiert werden. Die folgenden Punkte sind notwendig um Ihr Produkt makellos darzustellen. unretuschierte Produkte retuschierte Produkte &#8211; Beseitigung von Staub und Kratzern, m\u00f6glichen Spiegelungen, Reflexionen und eventuellen Produktionsfehlern. &#8211; Tonwertkorrektur. Sorgt daf\u00fcr Ihr Produkt farbgetreu abzubilden. Sogenannte Hausfarben bzw. Sonderfarben werden farbecht wieder [&hellip;]<\/p>\n","protected":false},"author":2,"featured_media":0,"parent":0,"menu_order":0,"comment_status":"closed","ping_status":"closed","template":"","meta":{"ngg_post_thumbnail":0,"footnotes":""},"class_list":["post-1188","page","type-page","status-publish","hentry"],"_links":{"self":[{"href":"https:\/\/www.ihre-produktfotos.de\/index.php?rest_route=\/wp\/v2\/pages\/1188","targetHints":{"allow":["GET"]}}],"collection":[{"href":"https:\/\/www.ihre-produktfotos.de\/index.php?rest_route=\/wp\/v2\/pages"}],"about":[{"href":"https:\/\/www.ihre-produktfotos.de\/index.php?rest_route=\/wp\/v2\/types\/page"}],"author":[{"embeddable":true,"href":"https:\/\/www.ihre-produktfotos.de\/index.php?rest_route=\/wp\/v2\/users\/2"}],"replies":[{"embeddable":true,"href":"https:\/\/www.ihre-produktfotos.de\/index.php?rest_route=%2Fwp%2Fv2%2Fcomments&post=1188"}],"version-history":[{"count":91,"href":"https:\/\/www.ihre-produktfotos.de\/index.php?rest_route=\/wp\/v2\/pages\/1188\/revisions"}],"predecessor-version":[{"id":2305,"href":"https:\/\/www.ihre-produktfotos.de\/index.php?rest_route=\/wp\/v2\/pages\/1188\/revisions\/2305"}],"wp:attachment":[{"href":"https:\/\/www.ihre-produktfotos.de\/index.php?rest_route=%2Fwp%2Fv2%2Fmedia&parent=1188"}],"curies":[{"name":"wp","href":"https:\/\/api.w.org\/{rel}","templated":true}]}}