{"id":1186,"date":"2019-02-07T14:24:05","date_gmt":"2019-02-07T13:24:05","guid":{"rendered":"http:\/\/www.ihre-produktfotos.de\/?page_id=1186"},"modified":"2019-02-27T10:48:40","modified_gmt":"2019-02-27T09:48:40","slug":"freistellen","status":"publish","type":"page","link":"https:\/\/www.ihre-produktfotos.de\/?page_id=1186","title":{"rendered":"Freistellen"},"content":{"rendered":"\n<div class=\"Titel\">Freistellen<\/div><br>\n<br>\n<img decoding=\"async\" src=\"http:\/\/www.ihre-produktfotos.de\/wp-content\/uploads\/2019\/02\/Pfad-1024x606.png\" style=\"margin-left: auto; margin-right: auto;\" heigth=\"400\" width=\"550\">\n<br>\n<br>\n<br>\n<br>\n<p>Unsere Produktabbildungen werden auf rein wei\u00dfem Untergrund ohne Zeichnung und ohne Standschatten hergestellt.<br>\nSollten Sie dar\u00fcber hinaus ihr Produkt vor einem anderen Hintergrund pr\u00e4sentieren wollen, ergibt sich die M\u00f6glichkeit es \u00fcber einen so genannten Beschneidungspfad freizustellen.<br>\nDabei wird das Motiv exakt manuell \u201eausgeschnitten\u201c und Sie k\u00f6nnen das Bild alleine oder mit anderen zusammen darstellen.<\/p>\n","protected":false},"excerpt":{"rendered":"<p>Freistellen Unsere Produktabbildungen werden auf rein wei\u00dfem Untergrund ohne Zeichnung und ohne Standschatten hergestellt. Sollten Sie dar\u00fcber hinaus ihr Produkt vor einem anderen Hintergrund pr\u00e4sentieren wollen, ergibt sich die M\u00f6glichkeit es \u00fcber einen so genannten Beschneidungspfad freizustellen. Dabei wird das Motiv exakt manuell \u201eausgeschnitten\u201c und Sie k\u00f6nnen das Bild alleine oder mit anderen zusammen darstellen.<\/p>\n","protected":false},"author":2,"featured_media":0,"parent":0,"menu_order":0,"comment_status":"closed","ping_status":"closed","template":"","meta":{"ngg_post_thumbnail":0,"footnotes":""},"class_list":["post-1186","page","type-page","status-publish","hentry"],"_links":{"self":[{"href":"https:\/\/www.ihre-produktfotos.de\/index.php?rest_route=\/wp\/v2\/pages\/1186","targetHints":{"allow":["GET"]}}],"collection":[{"href":"https:\/\/www.ihre-produktfotos.de\/index.php?rest_route=\/wp\/v2\/pages"}],"about":[{"href":"https:\/\/www.ihre-produktfotos.de\/index.php?rest_route=\/wp\/v2\/types\/page"}],"author":[{"embeddable":true,"href":"https:\/\/www.ihre-produktfotos.de\/index.php?rest_route=\/wp\/v2\/users\/2"}],"replies":[{"embeddable":true,"href":"https:\/\/www.ihre-produktfotos.de\/index.php?rest_route=%2Fwp%2Fv2%2Fcomments&post=1186"}],"version-history":[{"count":25,"href":"https:\/\/www.ihre-produktfotos.de\/index.php?rest_route=\/wp\/v2\/pages\/1186\/revisions"}],"predecessor-version":[{"id":2364,"href":"https:\/\/www.ihre-produktfotos.de\/index.php?rest_route=\/wp\/v2\/pages\/1186\/revisions\/2364"}],"wp:attachment":[{"href":"https:\/\/www.ihre-produktfotos.de\/index.php?rest_route=%2Fwp%2Fv2%2Fmedia&parent=1186"}],"curies":[{"name":"wp","href":"https:\/\/api.w.org\/{rel}","templated":true}]}}