{"id":1152,"date":"2019-02-07T13:35:07","date_gmt":"2019-02-07T12:35:07","guid":{"rendered":"http:\/\/www.ihre-produktfotos.de\/?page_id=1152"},"modified":"2019-03-21T11:29:51","modified_gmt":"2019-03-21T10:29:51","slug":"ueber-uns","status":"publish","type":"page","link":"https:\/\/www.ihre-produktfotos.de\/?page_id=1152","title":{"rendered":"\u00dcber uns"},"content":{"rendered":"\n<div class=\"Titel\">\u00dcber uns<\/div><br>\n<br>\n<p>Wir, von Ihre-Produktfotos.de, sind ein Team von ausgebildeten und staatlich gepr\u00fcften Fotografen mit langj\u00e4hriger und einschl\u00e4giger Berufserfahrung in der Produkt- bzw. Werbefotografie.<br>\nWir, von Ihre-Produktfotos.de, verstehen uns als sorgf\u00e4ltig arbeitende Handwerker, die Ihre individuellen W\u00fcnsche als unseren Auftrag verstehen.<br>\nWir, von Ihre-Produktfotos.de und unser hauseigenes Fotostudio produzieren an unserem Standort in Bergisch Gladbach, in der N\u00e4he von K\u00f6ln.<br>\nWir, von Ihre-Produktfotos.de, freuen uns auf eine erfolgreiche Zusammenarbeit mit Ihnen.\n<\/p>\n<br>\n<br>\n<br>\n<br>\n<img decoding=\"async\" src=\"http:\/\/www.ihre-produktfotos.de\/wp-content\/uploads\/2019\/02\/Avanxato_Fotostudio.jpg\" style=\"  margin-left: auto;\n  margin-right: auto;\" width=\"75%\">\n","protected":false},"excerpt":{"rendered":"<p>\u00dcber uns Wir, von Ihre-Produktfotos.de, sind ein Team von ausgebildeten und staatlich gepr\u00fcften Fotografen mit langj\u00e4hriger und einschl\u00e4giger Berufserfahrung in der Produkt- bzw. Werbefotografie. Wir, von Ihre-Produktfotos.de, verstehen uns als sorgf\u00e4ltig arbeitende Handwerker, die Ihre individuellen W\u00fcnsche als unseren Auftrag verstehen. Wir, von Ihre-Produktfotos.de und unser hauseigenes Fotostudio produzieren an unserem Standort in Bergisch Gladbach, [&hellip;]<\/p>\n","protected":false},"author":2,"featured_media":0,"parent":0,"menu_order":0,"comment_status":"closed","ping_status":"closed","template":"","meta":{"ngg_post_thumbnail":0,"footnotes":""},"class_list":["post-1152","page","type-page","status-publish","hentry"],"_links":{"self":[{"href":"https:\/\/www.ihre-produktfotos.de\/index.php?rest_route=\/wp\/v2\/pages\/1152","targetHints":{"allow":["GET"]}}],"collection":[{"href":"https:\/\/www.ihre-produktfotos.de\/index.php?rest_route=\/wp\/v2\/pages"}],"about":[{"href":"https:\/\/www.ihre-produktfotos.de\/index.php?rest_route=\/wp\/v2\/types\/page"}],"author":[{"embeddable":true,"href":"https:\/\/www.ihre-produktfotos.de\/index.php?rest_route=\/wp\/v2\/users\/2"}],"replies":[{"embeddable":true,"href":"https:\/\/www.ihre-produktfotos.de\/index.php?rest_route=%2Fwp%2Fv2%2Fcomments&post=1152"}],"version-history":[{"count":15,"href":"https:\/\/www.ihre-produktfotos.de\/index.php?rest_route=\/wp\/v2\/pages\/1152\/revisions"}],"predecessor-version":[{"id":2442,"href":"https:\/\/www.ihre-produktfotos.de\/index.php?rest_route=\/wp\/v2\/pages\/1152\/revisions\/2442"}],"wp:attachment":[{"href":"https:\/\/www.ihre-produktfotos.de\/index.php?rest_route=%2Fwp%2Fv2%2Fmedia&parent=1152"}],"curies":[{"name":"wp","href":"https:\/\/api.w.org\/{rel}","templated":true}]}}