{"id":1141,"date":"2019-02-07T13:31:49","date_gmt":"2019-02-07T12:31:49","guid":{"rendered":"http:\/\/www.ihre-produktfotos.de\/?page_id=1141"},"modified":"2019-08-29T11:23:09","modified_gmt":"2019-08-29T09:23:09","slug":"ambiente","status":"publish","type":"page","link":"https:\/\/www.ihre-produktfotos.de\/?page_id=1141","title":{"rendered":"Ambiente"},"content":{"rendered":"\n<p class=\"Titel\">Ambiente<\/p>\n\n\n\nngg_shortcode_0_placeholder\n\n\n\n<br>\n<br>\n<br>\n<br>\n<p>Ambiente- oder auch Werbeaufnahmen unterscheiden sich vom klassischen Packshot durch eine komplett andere Bildsprache. Ihr Produkt wird inszeniert, das hei\u00dft, es wird durch  Unter- und Hintergr\u00fcnde, die richtige Lichtf\u00fchrung und auch Requisiten in das passende Umfeld gesetzt.<br> \nDabei spielen die Perspektive, das \u201eSpiel\u201c mit Sch\u00e4rfe\/Unsch\u00e4rfe, die richtige Dekoration und eventuelle Personen eine entscheidende Rolle.\nSelbstverst\u00e4ndlich sind wir in der Lage Ihr Produkt, in enger Absprache mit Ihnen, bestm\u00f6glich abzubilden.<br> \nUnserem Team stehen hierzu auch erfahrene Food- und Textilstylisten zur Verf\u00fcgung.\n<\/p>\n","protected":false},"excerpt":{"rendered":"<p>Ambiente Ambiente- oder auch Werbeaufnahmen unterscheiden sich vom klassischen Packshot durch eine komplett andere Bildsprache. Ihr Produkt wird inszeniert, das hei\u00dft, es wird durch Unter- und Hintergr\u00fcnde, die richtige Lichtf\u00fchrung und auch Requisiten in das passende Umfeld gesetzt. Dabei spielen die Perspektive, das \u201eSpiel\u201c mit Sch\u00e4rfe\/Unsch\u00e4rfe, die richtige Dekoration und eventuelle Personen eine entscheidende Rolle. [&hellip;]<\/p>\n","protected":false},"author":2,"featured_media":0,"parent":0,"menu_order":0,"comment_status":"closed","ping_status":"closed","template":"","meta":{"ngg_post_thumbnail":0,"footnotes":""},"class_list":["post-1141","page","type-page","status-publish","hentry"],"_links":{"self":[{"href":"https:\/\/www.ihre-produktfotos.de\/index.php?rest_route=\/wp\/v2\/pages\/1141","targetHints":{"allow":["GET"]}}],"collection":[{"href":"https:\/\/www.ihre-produktfotos.de\/index.php?rest_route=\/wp\/v2\/pages"}],"about":[{"href":"https:\/\/www.ihre-produktfotos.de\/index.php?rest_route=\/wp\/v2\/types\/page"}],"author":[{"embeddable":true,"href":"https:\/\/www.ihre-produktfotos.de\/index.php?rest_route=\/wp\/v2\/users\/2"}],"replies":[{"embeddable":true,"href":"https:\/\/www.ihre-produktfotos.de\/index.php?rest_route=%2Fwp%2Fv2%2Fcomments&post=1141"}],"version-history":[{"count":26,"href":"https:\/\/www.ihre-produktfotos.de\/index.php?rest_route=\/wp\/v2\/pages\/1141\/revisions"}],"predecessor-version":[{"id":2584,"href":"https:\/\/www.ihre-produktfotos.de\/index.php?rest_route=\/wp\/v2\/pages\/1141\/revisions\/2584"}],"wp:attachment":[{"href":"https:\/\/www.ihre-produktfotos.de\/index.php?rest_route=%2Fwp%2Fv2%2Fmedia&parent=1141"}],"curies":[{"name":"wp","href":"https:\/\/api.w.org\/{rel}","templated":true}]}}